{"id":9655,"date":"2026-03-13T16:58:09","date_gmt":"2026-03-13T16:58:09","guid":{"rendered":"http:\/\/localhost:10013\/?page_id=9655"},"modified":"2026-04-21T20:13:36","modified_gmt":"2026-04-21T20:13:36","slug":"volunteer","status":"publish","type":"page","link":"https:\/\/xposedfilmfestival.com\/2026\/volunteer\/","title":{"rendered":"Volunteer"},"content":{"rendered":"\t\t<div data-elementor-type=\"wp-page\" data-elementor-id=\"9655\" class=\"elementor elementor-9655\">\n\t\t\t\t<div class=\"elementor-element elementor-element-0a844c3 e-flex e-con-boxed qodef-elementor-content-no e-con e-parent\" data-id=\"0a844c3\" data-element_type=\"container\" data-e-type=\"container\">\n\t\t\t\t\t<div class=\"e-con-inner\">\n\t\t\t\t<div class=\"elementor-element elementor-element-7a8b479 elementor-widget elementor-widget-heading\" data-id=\"7a8b479\" data-element_type=\"widget\" data-e-type=\"widget\" data-widget_type=\"heading.default\">\n\t\t\t\t\t<h2 class=\"elementor-heading-title elementor-size-default\">A passion project by the community and for the community<\/h2>\t\t\t\t<\/div>\n\t\t\t\t\t<\/div>\n\t\t\t\t<\/div>\n\t\t\t\t<section class=\"elementor-section elementor-top-section elementor-element elementor-element-02535da qodef-elementor-content-grid elementor-section-stretched elementor-section-boxed elementor-section-height-default elementor-section-height-default\" data-id=\"02535da\" data-element_type=\"section\" data-e-type=\"section\" data-settings=\"{&quot;background_background&quot;:&quot;slideshow&quot;,&quot;stretch_section&quot;:&quot;section-stretched&quot;,&quot;background_slideshow_gallery&quot;:[],&quot;background_slideshow_loop&quot;:&quot;yes&quot;,&quot;background_slideshow_slide_duration&quot;:5000,&quot;background_slideshow_slide_transition&quot;:&quot;fade&quot;,&quot;background_slideshow_transition_duration&quot;:500}\">\n\t\t\t\t\t\t<div class=\"elementor-container elementor-column-gap-default\">\n\t\t\t\t\t<div class=\"elementor-column elementor-col-50 elementor-top-column elementor-element elementor-element-c5e94fc\" data-id=\"c5e94fc\" data-element_type=\"column\" data-e-type=\"column\" data-settings=\"{&quot;background_background&quot;:&quot;slideshow&quot;,&quot;background_slideshow_gallery&quot;:[],&quot;background_slideshow_loop&quot;:&quot;yes&quot;,&quot;background_slideshow_slide_duration&quot;:5000,&quot;background_slideshow_slide_transition&quot;:&quot;fade&quot;,&quot;background_slideshow_transition_duration&quot;:500}\">\n\t\t\t<div class=\"elementor-widget-wrap elementor-element-populated\">\n\t\t\t\t\t\t<div class=\"elementor-element elementor-element-b9755a7 elementor-widget__width-initial elementor-widget-mobile__width-inherit elementor-widget elementor-widget-text-editor\" data-id=\"b9755a7\" data-element_type=\"widget\" data-e-type=\"widget\" data-widget_type=\"text-editor.default\">\n\t\t\t\t\t\t\t\t\t<p>XPOSED is a passion project by the community and for the community.<\/p>\t\t\t\t\t\t\t\t<\/div>\n\t\t\t\t<div class=\"elementor-element elementor-element-d70bb90 elementor-hidden-mobile elementor-widget__width-initial elementor-widget elementor-widget-text-editor\" data-id=\"d70bb90\" data-element_type=\"widget\" data-e-type=\"widget\" data-widget_type=\"text-editor.default\">\n\t\t\t\t\t\t\t\t\t<p><span class=\"notion-enable-hover\" data-token-index=\"0\">We are always happy for people that are excited about queer film, about festivals, about being part of an organizational and creative adventure. As a volunteer-based film festival, we are happy for other people to join our team. If you are interested in helping out with organizational tasks in the run-up to the 2026 edition, feel free to reach out and send us a message to\u00a0<\/span><a class=\"notion-link-token notion-focusable-token notion-enable-hover\" tabindex=\"0\" href=\"mailto:info@xposedfilmfestival.com\" rel=\"noopener noreferrer\" data-token-index=\"1\"><span class=\"link-annotation-unknown-block-id-1597086932\">info@xposedfilmfestival.com<\/span><\/a><span class=\"notion-enable-hover\" data-token-index=\"2\">\u00a0or via the form on this website<\/span><!-- notionvc: ed4abb5f-aae7-49f1-8a8c-dfc825e31408 --><br \/><!-- notionvc: ed4abb5f-aae7-49f1-8a8c-dfc825e31408 --><\/p>\t\t\t\t\t\t\t\t<\/div>\n\t\t\t\t<div class=\"elementor-element elementor-element-c157338 elementor-hidden-mobile elementor-widget elementor-widget-image\" data-id=\"c157338\" data-element_type=\"widget\" data-e-type=\"widget\" data-widget_type=\"image.default\">\n\t\t\t\t\t\t\t\t\t\t\t\t\t\t\t<img fetchpriority=\"high\" decoding=\"async\" width=\"517\" height=\"471\" src=\"https:\/\/xposedfilmfestival.com\/2026\/wp-content\/uploads\/2026\/04\/262753effdcc21e4ea7007b37c23eb100b47c624.png\" class=\"attachment-full size-full wp-image-14066\" alt=\"\" srcset=\"https:\/\/xposedfilmfestival.com\/2026\/wp-content\/uploads\/2026\/04\/262753effdcc21e4ea7007b37c23eb100b47c624.png 517w, https:\/\/xposedfilmfestival.com\/2026\/wp-content\/uploads\/2026\/04\/262753effdcc21e4ea7007b37c23eb100b47c624-300x273.png 300w\" sizes=\"(max-width: 517px) 100vw, 517px\" \/>\t\t\t\t\t\t\t\t\t\t\t\t\t\t\t<\/div>\n\t\t\t\t\t<\/div>\n\t\t<\/div>\n\t\t\t\t<div class=\"elementor-column elementor-col-50 elementor-top-column elementor-element elementor-element-bbf4db5\" data-id=\"bbf4db5\" data-element_type=\"column\" data-e-type=\"column\">\n\t\t\t<div class=\"elementor-widget-wrap elementor-element-populated\">\n\t\t\t\t<div class=\"elementor-element elementor-element-eefc444 e-flex e-con-boxed qodef-elementor-content-no e-con e-parent\" data-id=\"eefc444\" data-element_type=\"container\" data-e-type=\"container\">\n\t\t\t\t\t<div class=\"e-con-inner\">\n\t\t<div class=\"elementor-element elementor-element-30cc4e3 e-flex e-con-boxed qodef-elementor-content-no e-con e-child\" data-id=\"30cc4e3\" data-element_type=\"container\" data-e-type=\"container\">\n\t\t\t\t\t<div class=\"e-con-inner\">\n\t\t\t\t<div class=\"elementor-element elementor-element-eed702b elementor-widget elementor-widget-text-editor\" data-id=\"eed702b\" data-element_type=\"widget\" data-e-type=\"widget\" data-widget_type=\"text-editor.default\">\n\t\t\t\t\t\t\t\t\t<p>Become a Volunteer<\/p>\t\t\t\t\t\t\t\t<\/div>\n\t\t\t\t<div class=\"elementor-element elementor-element-fea5cd1 elementor-widget elementor-widget-shortcode\" data-id=\"fea5cd1\" data-element_type=\"widget\" data-e-type=\"widget\" data-widget_type=\"shortcode.default\">\n\t\t\t\t\t\t\t<div class=\"elementor-shortcode\"><div class=\"forminator-ui forminator-custom-form forminator-custom-form-14046 forminator-design--default  \" data-forminator-render=\"0\" data-form=\"forminator-module-14046\" data-uid=\"69f310026ba67\"><br\/><\/div><form\n\t\t\t\tid=\"forminator-module-14046\"\n\t\t\t\tclass=\"forminator-ui forminator-custom-form forminator-custom-form-14046 forminator-design--default  \"\n\t\t\t\tmethod=\"post\"\n\t\t\t\tdata-forminator-render=\"0\"\n\t\t\t\tdata-form-id=\"14046\"\n\t\t\t\t data-color-option=\"theme\" data-design=\"default\" data-grid=\"open\" style=\"display: none;\"\n\t\t\t\tdata-uid=\"69f310026ba67\"\n\t\t\t><div role=\"alert\" aria-live=\"polite\" class=\"forminator-response-message forminator-error\" aria-hidden=\"true\"><\/div><div class=\"forminator-row\"><div id=\"name-1\" class=\"forminator-field-name forminator-col forminator-col-12 \"><div class=\"forminator-field\"><input type=\"text\" name=\"name-1\" value=\"\" placeholder=\"Your name\" id=\"forminator-field-name-1_69f310026ba67\" class=\"forminator-input forminator-name--field\" aria-required=\"true\" autocomplete=\"name\" \/><\/div><\/div><\/div><div class=\"forminator-row\"><div id=\"email-1\" class=\"forminator-field-email forminator-col forminator-col-12 \"><div class=\"forminator-field\"><input type=\"email\" name=\"email-1\" value=\"\" placeholder=\"Email\" id=\"forminator-field-email-1_69f310026ba67\" class=\"forminator-input forminator-email--field\" data-required=\"1\" aria-required=\"true\" autocomplete=\"email\" \/><\/div><\/div><\/div><div class=\"forminator-row\"><div id=\"textarea-1\" class=\"forminator-field-textarea forminator-col forminator-col-12 \"><div class=\"forminator-field\"><textarea name=\"textarea-1\" placeholder=\"Comments\" id=\"forminator-field-textarea-1_69f310026ba67\" class=\"forminator-textarea\" rows=\"6\" style=\"min-height:140px;\" ><\/textarea><\/div><\/div><\/div><div class=\"forminator-row\"><\/div><input type=\"hidden\" name=\"referer_url\" value=\"\" \/><div class=\"forminator-row forminator-row-last\"><div class=\"forminator-col\"><div class=\"forminator-field\"><button class=\"forminator-button forminator-button-submit\">Apply<\/button><\/div><\/div><\/div><input type=\"hidden\" id=\"forminator_nonce\" name=\"forminator_nonce\" value=\"3e58002f14\" \/><input type=\"hidden\" name=\"_wp_http_referer\" value=\"\/2026\/wp-json\/wp\/v2\/pages\/9655\" \/><input type=\"hidden\" name=\"form_id\" value=\"14046\"><input type=\"hidden\" name=\"page_id\" value=\"9655\"><input type=\"hidden\" name=\"form_type\" value=\"\"><input type=\"hidden\" name=\"current_url\" value=\"https:\/\/xposedfilmfestival.com\/2026\/volunteer\/\"><input type=\"hidden\" name=\"render_id\" value=\"0\"><input type=\"hidden\" name=\"action\" value=\"forminator_submit_form_custom-forms\"><\/form><\/div>\n\t\t\t\t\t\t<\/div>\n\t\t\t\t<div class=\"elementor-element elementor-element-db821db elementor-widget elementor-widget-text-editor\" data-id=\"db821db\" data-element_type=\"widget\" data-e-type=\"widget\" data-widget_type=\"text-editor.default\">\n\t\t\t\t\t\t\t\t\t<p>\u200bDATA PROTECTION NOTICE: You can withdraw your membership at any time. You can also object to the storage of your data at any time. To do so, please write us an email:\u00a0<a href=\"mailto:info@xposedfilmfestival.com\">info@xposedfilmfestival.com<\/a><br \/>\u200bFor more information about the content, the logging of your registration,\u00a0statistical analysis as well as your unsubscribe options, you can also read our privacy policy<\/p>\t\t\t\t\t\t\t\t<\/div>\n\t\t\t\t<div class=\"elementor-element elementor-element-2255d0c elementor-widget elementor-widget-html\" data-id=\"2255d0c\" data-element_type=\"widget\" data-e-type=\"widget\" data-widget_type=\"html.default\">\n\t\t\t\t\t<style>\/\n\/* 1. NORMAL DURUM (Gri arka plan, Siyah alt \u00e7izgi) *\/\n.forminator-field input, \n.forminator-field textarea {\n    background-color: #f4f4f4 !important;\n    border: none !important;\n    border-bottom: 1.5px solid #000 !important;\n    transition: all 0.2s ease-in-out !important;\n}\n\n\/* 2. HOVER DURUMU (Biraz daha koyu gri) *\/\n.forminator-field input:hover, \n.forminator-field textarea:hover {\n    background-color: #ececec !important;\n}\n\n\/* 3. AKT\u0130F \/ FOCUS DURUMU (Arka plan a\u00e7\u0131l\u0131r, Mavi alt \u00e7izgi gelir) *\/\n.forminator-field input:focus, \n.forminator-field textarea:focus {\n    background-color: transparent !important;\n    border-bottom: 2px solid #3f51b5 !important; \/* G\u00f6rseldeki mavi renk *\/\n    outline: none !important;\n}\n\n* --- FORM ANA KONTEYNER --- *\/\n.forminator-custom-form {\n    max-width: 550px !important;\n    background: transparent !important;\n    font-family: 'Neue Haas Grotesk Display Pro', sans-serif !important;\n}\n\n\/* --- INPUT VE TEXTAREA (G\u00f6rseldeki gibi Alt \u00c7izgili) --- *\/\n.forminator-field input, \n.forminator-field textarea {\n    background-color: #F2F2F2 !important; \/* Hafif gri dolgu *\/\n    border: none !important;\n    border-bottom: 1.5px solid #000000 !important; \/* Net siyah alt \u00e7izgi *\/\n    border-radius: 0 !important;\n    padding: 16px !important;\n    font-size: 16px !important;\n    color: #000000 !important;\n    box-shadow: none !important;\n}\n\n\/* Placeholder Ayar\u0131 *\/\n.forminator-field input::placeholder, \n.forminator-field textarea::placeholder {\n    color: #0F1429 !important;\n    font-weight: 400;\n}\n\n\/* --- CAPTCHA ALANI --- *\/\n.forminator-field-captcha {\n    margin: 20px 0 !important;\n    display: flex !important;\n    justify-content: flex-start !important; \/* Sola hizal\u0131 *\/\n}\n\n\/* --- SUBMIT BUTONU (Siyah & Oval) --- *\/\n.forminator-button-submit {\n    width: 100% !important;\n    background-color: #0F1429 !important;\n    color: #ffffff !important;\n    border-radius: 100px !important; \/* Tam oval *\/\n    padding: 16px !important;\n    font-size: 16px !important;\n    font-weight: 500 !important;\n    letter-spacing: 0.5px;\n    text-transform: none !important;\n    border: none !important;\n    cursor: pointer !important;\n    transition: all 0.3s ease !important;\n    margin-top: 10px !important;\n}\n\n.forminator-button-submit:hover {\n    background-color: #0F1429 !important;\n    opacity: 0.85;\n}\n\n\/* --- HATA MESAJLARI VE ET\u0130KETLER --- *\/\n.forminator-label {\n    display: none !important; \/* Placeholder kulland\u0131\u011f\u0131m\u0131z i\u00e7in label'lar\u0131 gizledik *\/\n}\n\n.forminator-error-message {\n    font-size: 12px !important;\n    color: #ff0000 !important;\n    margin-top: 5px !important;\n}\n\n\/* Mobil D\u00fczenleme *\/\n@media (max-width: 600px) {\n    .forminator-custom-form {\n        padding: 15px !important;\n    }\n}<\/style>\t\t\t\t<\/div>\n\t\t\t\t\t<\/div>\n\t\t\t\t<\/div>\n\t\t\t\t\t<\/div>\n\t\t\t\t<\/div>\n\t\t\t\t\t<\/div>\n\t\t<\/div>\n\t\t\t\t\t<\/div>\n\t\t<\/section>\n\t\t<div class=\"elementor-element elementor-element-2cf07ab e-flex e-con-boxed qodef-elementor-content-no e-con e-parent\" data-id=\"2cf07ab\" data-element_type=\"container\" data-e-type=\"container\">\n\t\t\t\t\t<div class=\"e-con-inner\">\n\t\t\t\t<div class=\"elementor-element elementor-element-e6dce2e elementor-hidden-desktop elementor-hidden-tablet elementor-widget elementor-widget-text-editor\" data-id=\"e6dce2e\" data-element_type=\"widget\" data-e-type=\"widget\" data-widget_type=\"text-editor.default\">\n\t\t\t\t\t\t\t\t\t<p>We are always happy for people that are excited about queer film, about festivals, about being part of an organizational and creative adventure. As a volunteer-based film festival, we are happy for other people to join our team. If you are interested in helping out with organizational tasks in the run-up to the 2025 edition, feel free to reach out and send us a message to info (a) xposedfilmfestival.com or via the form below.<\/p>\t\t\t\t\t\t\t\t<\/div>\n\t\t\t\t\t<\/div>\n\t\t\t\t<\/div>\n\t\t<div class=\"elementor-element elementor-element-2c8774e e-flex e-con-boxed qodef-elementor-content-no e-con e-parent\" data-id=\"2c8774e\" data-element_type=\"container\" data-e-type=\"container\">\n\t\t\t\t\t<div class=\"e-con-inner\">\n\t\t\t\t<div class=\"elementor-element elementor-element-23fa419 elementor-widget elementor-widget-heading\" data-id=\"23fa419\" data-element_type=\"widget\" data-e-type=\"widget\" data-widget_type=\"heading.default\">\n\t\t\t\t\t<h2 class=\"elementor-heading-title elementor-size-default\"> Thank you so much!<\/h2>\t\t\t\t<\/div>\n\t\t\t\t\t<\/div>\n\t\t\t\t<\/div>\n\t\t\t\t<\/div>\n\t\t","protected":false},"excerpt":{"rendered":"<p>A passion project by the community and for the community XPOSED is a passion project by the community and for the community. We are always happy for people that are excited about queer film, about festivals, about being part of an organizational and creative adventure. As a volunteer-based film festival, we are happy for other [&hellip;]<\/p>\n","protected":false},"author":1,"featured_media":0,"parent":0,"menu_order":0,"comment_status":"closed","ping_status":"closed","template":"page-full-width.php","meta":{"footnotes":""},"class_list":["post-9655","page","type-page","status-publish","hentry"],"aioseo_notices":[],"_links":{"self":[{"href":"https:\/\/xposedfilmfestival.com\/2026\/wp-json\/wp\/v2\/pages\/9655","targetHints":{"allow":["GET"]}}],"collection":[{"href":"https:\/\/xposedfilmfestival.com\/2026\/wp-json\/wp\/v2\/pages"}],"about":[{"href":"https:\/\/xposedfilmfestival.com\/2026\/wp-json\/wp\/v2\/types\/page"}],"author":[{"embeddable":true,"href":"https:\/\/xposedfilmfestival.com\/2026\/wp-json\/wp\/v2\/users\/1"}],"replies":[{"embeddable":true,"href":"https:\/\/xposedfilmfestival.com\/2026\/wp-json\/wp\/v2\/comments?post=9655"}],"version-history":[{"count":100,"href":"https:\/\/xposedfilmfestival.com\/2026\/wp-json\/wp\/v2\/pages\/9655\/revisions"}],"predecessor-version":[{"id":15917,"href":"https:\/\/xposedfilmfestival.com\/2026\/wp-json\/wp\/v2\/pages\/9655\/revisions\/15917"}],"wp:attachment":[{"href":"https:\/\/xposedfilmfestival.com\/2026\/wp-json\/wp\/v2\/media?parent=9655"}],"curies":[{"name":"wp","href":"https:\/\/api.w.org\/{rel}","templated":true}]}}