{"id":16694,"date":"2026-04-23T07:01:52","date_gmt":"2026-04-23T07:01:52","guid":{"rendered":"https:\/\/xposed-demo.hasans.de\/?page_id=16694"},"modified":"2026-04-23T07:03:02","modified_gmt":"2026-04-23T07:03:02","slug":"impressum","status":"publish","type":"page","link":"https:\/\/xposedfilmfestival.com\/2026\/impressum\/","title":{"rendered":"Impressum"},"content":{"rendered":"\t\t<div data-elementor-type=\"wp-page\" data-elementor-id=\"16694\" class=\"elementor elementor-16694\">\n\t\t\t\t\t\t<section class=\"elementor-section elementor-top-section elementor-element elementor-element-4c0ea5f elementor-section-boxed elementor-section-height-default elementor-section-height-default qodef-elementor-content-no\" data-id=\"4c0ea5f\" data-element_type=\"section\" data-e-type=\"section\">\n\t\t\t\t\t\t<div class=\"elementor-container elementor-column-gap-default\">\n\t\t\t\t\t<div class=\"elementor-column elementor-col-50 elementor-top-column elementor-element elementor-element-dba4cf9\" data-id=\"dba4cf9\" data-element_type=\"column\" data-e-type=\"column\">\n\t\t\t<div class=\"elementor-widget-wrap elementor-element-populated\">\n\t\t\t\t\t\t<div class=\"elementor-element elementor-element-9131f1f elementor-widget elementor-widget-heading\" data-id=\"9131f1f\" data-element_type=\"widget\" data-e-type=\"widget\" data-widget_type=\"heading.default\">\n\t\t\t\t\t<h4 class=\"elementor-heading-title elementor-size-default\">Impressum<\/h4>\t\t\t\t<\/div>\n\t\t\t\t<div class=\"elementor-element elementor-element-59d7a13 elementor-widget elementor-widget-text-editor\" data-id=\"59d7a13\" data-element_type=\"widget\" data-e-type=\"widget\" data-widget_type=\"text-editor.default\">\n\t\t\t\t\t\t\t\t\t<p>Last Updated: 23.04.2026<\/p>\t\t\t\t\t\t\t\t<\/div>\n\t\t\t\t\t<\/div>\n\t\t<\/div>\n\t\t\t\t<div class=\"elementor-column elementor-col-50 elementor-top-column elementor-element elementor-element-95d135a container-1\" data-id=\"95d135a\" data-element_type=\"column\" data-e-type=\"column\">\n\t\t\t<div class=\"elementor-widget-wrap elementor-element-populated\">\n\t\t\t\t\t\t<div class=\"elementor-element elementor-element-05784e9 elementor-widget elementor-widget-text-editor\" data-id=\"05784e9\" data-element_type=\"widget\" data-e-type=\"widget\" data-widget_type=\"text-editor.default\">\n\t\t\t\t\t\t\t\t\t<h6><b>Angaben gem\u00e4\u00df \u00a7 5 TMG<\/b><\/h6><p>XPOSED e.V. c\/o Moviemento<\/p><p>Kottbusser Damm 22<\/p><p>10967 Berlin<\/p><p>Vertreten durch den Vorstand: Merle Groneweg, Bartholomew Sammut, Nastaran Tajeri-Foumani<\/p><p>Kontakt Telefon: +49 (0) 176 85036865<br \/>E-Mail: info[at]xposedfilmfestival.com<\/p><p>Web: https:\/\/xposedfilmfestival.com<\/p><p>Registereintrag Registergericht: Amtsgericht Charlottenburg (Berlin)<br \/>Registernummer: VR 37804 B<\/p><p>Verantwortlich f\u00fcr den Inhalt nach \u00a7 18 Abs. 2 MStV XPOSED e.V.<br \/>c\/o Moviemento<\/p><p>Kottbusser Damm 22<\/p><p>10967 Berlin<\/p><h6><b>RECHTLICHE HINWEISE<\/b><\/h6><p>Urheberrecht Die durch die Seitenbetreiber erstellten Inhalte und Werke auf diesen Seiten unterliegen dem deutschen Urheberrecht. Die Vervielf\u00e4ltigung, Bearbeitung, Verbreitung und jede Art der Verwertung au\u00dferhalb der Grenzen des Urheberrechtes bed\u00fcrfen der schriftlichen Zustimmung des jeweiligen Autors bzw. Erstellers. Downloads und Kopien dieser Seite sind nur f\u00fcr den privaten, nicht kommerziellen Gebrauch gestattet.<\/p><h6>Haftung f\u00fcr Inhalte\u00a0<\/h6><p>Als Diensteanbieter sind wir gem\u00e4\u00df \u00a7 7 Abs.1 TMG f\u00fcr eigene Inhalte auf diesen Seiten nach den allgemeinen Gesetzen verantwortlich. Nach \u00a7\u00a7 8 bis 10 TMG sind wir als Diensteanbieter jedoch nicht verpflichtet, \u00fcbermittelte oder gespeicherte fremde Informationen zu \u00fcberwachen oder nach Umst\u00e4nden zu forschen, die auf eine rechtswidrige T\u00e4tigkeit hinweisen.<\/p><h6><b>Haftung f\u00fcr Links\u00a0<\/b><\/h6><p>Unser Angebot enth\u00e4lt Links zu externen Webseiten Dritter, auf deren Inhalte wir keinen Einfluss haben. Deshalb k\u00f6nnen wir f\u00fcr diese fremden Inhalte auch keine Gew\u00e4hr \u00fcbernehmen. F\u00fcr die Inhalte der verlinkten Seiten ist stets der jeweilige Anbieter oder Betreiber der Seiten verantwortlich. Bei Bekanntwerden von Rechtsverletzungen werden wir derartige Links umgehend entfernen.<\/p><h6>Datenschutz\u00a0<\/h6><p>Die Nutzung unserer Webseite ist in der Regel ohne Angabe personenbezogener Daten m\u00f6glich. Soweit auf unseren Seiten personenbezogene Daten (beispielsweise Name, Anschrift oder E-Mail-Adressen) erhoben werden, erfolgt dies, soweit m\u00f6glich, stets auf freiwilliger Basis. Weitere Informationen finden Sie in unserer Datenschutzerkl\u00e4rung.<\/p>\t\t\t\t\t\t\t\t<\/div>\n\t\t\t\t\t<\/div>\n\t\t<\/div>\n\t\t\t\t\t<\/div>\n\t\t<\/section>\n\t\t\t\t<\/div>\n\t\t","protected":false},"excerpt":{"rendered":"<p>Impressum Last Updated: 23.04.2026 Angaben gem\u00e4\u00df \u00a7 5 TMG XPOSED e.V. c\/o Moviemento Kottbusser Damm 22 10967 Berlin Vertreten durch den Vorstand: Merle Groneweg, Bartholomew Sammut, Nastaran Tajeri-Foumani Kontakt Telefon: +49 (0) 176 85036865E-Mail: info[at]xposedfilmfestival.com Web: https:\/\/xposedfilmfestival.com Registereintrag Registergericht: Amtsgericht Charlottenburg (Berlin)Registernummer: VR 37804 B Verantwortlich f\u00fcr den Inhalt nach \u00a7 18 Abs. 2 MStV [&hellip;]<\/p>\n","protected":false},"author":1,"featured_media":0,"parent":0,"menu_order":0,"comment_status":"closed","ping_status":"closed","template":"page-full-width.php","meta":{"inline_featured_image":false,"footnotes":""},"class_list":["post-16694","page","type-page","status-publish","hentry"],"aioseo_notices":[],"_links":{"self":[{"href":"https:\/\/xposedfilmfestival.com\/2026\/wp-json\/wp\/v2\/pages\/16694","targetHints":{"allow":["GET"]}}],"collection":[{"href":"https:\/\/xposedfilmfestival.com\/2026\/wp-json\/wp\/v2\/pages"}],"about":[{"href":"https:\/\/xposedfilmfestival.com\/2026\/wp-json\/wp\/v2\/types\/page"}],"author":[{"embeddable":true,"href":"https:\/\/xposedfilmfestival.com\/2026\/wp-json\/wp\/v2\/users\/1"}],"replies":[{"embeddable":true,"href":"https:\/\/xposedfilmfestival.com\/2026\/wp-json\/wp\/v2\/comments?post=16694"}],"version-history":[{"count":7,"href":"https:\/\/xposedfilmfestival.com\/2026\/wp-json\/wp\/v2\/pages\/16694\/revisions"}],"predecessor-version":[{"id":16701,"href":"https:\/\/xposedfilmfestival.com\/2026\/wp-json\/wp\/v2\/pages\/16694\/revisions\/16701"}],"wp:attachment":[{"href":"https:\/\/xposedfilmfestival.com\/2026\/wp-json\/wp\/v2\/media?parent=16694"}],"curies":[{"name":"wp","href":"https:\/\/api.w.org\/{rel}","templated":true}]}}